{"id":11,"date":"2024-10-27T10:40:07","date_gmt":"2024-10-27T09:40:07","guid":{"rendered":"https:\/\/dominiquericci.fr\/?page_id=11"},"modified":"2024-10-27T10:42:18","modified_gmt":"2024-10-27T09:42:18","slug":"a-propos-de","status":"publish","type":"page","link":"https:\/\/dominiquericci.fr\/index.php\/a-propos-de\/","title":{"rendered":"\u00c0 propos de"},"content":{"rendered":"\n<p class=\"has-text-align-left has-medium-font-size\">Dominique Ricci est un artiste peintre plasticien, dont l&#8217;univers est flamboyant et riche en couleurs. D\u00e9couvrez son univers fantastique, inspir\u00e9 de la vie et de la litt\u00e9rature.<\/p>\n\n\n\n<p class=\"has-text-align-left has-medium-font-size\"> <img loading=\"lazy\" decoding=\"async\" width=\"150\" height=\"199\" class=\"wp-image-25\" style=\"width: 150px;\" src=\"http:\/\/dominiquericci.fr\/wp-content\/uploads\/2024\/10\/JlsdkqGkhlECI0vNkiQXlkV43nhbZOp2PD58us2DV3Jl28njP57eWF9ugf2K8ypPElAcvKOch0TQZyRq.jpg\" alt=\"\" srcset=\"https:\/\/dominiquericci.fr\/wp-content\/uploads\/2024\/10\/JlsdkqGkhlECI0vNkiQXlkV43nhbZOp2PD58us2DV3Jl28njP57eWF9ugf2K8ypPElAcvKOch0TQZyRq.jpg 710w, https:\/\/dominiquericci.fr\/wp-content\/uploads\/2024\/10\/JlsdkqGkhlECI0vNkiQXlkV43nhbZOp2PD58us2DV3Jl28njP57eWF9ugf2K8ypPElAcvKOch0TQZyRq-226x300.jpg 226w\" sizes=\"auto, (max-width: 150px) 100vw, 150px\" \/><\/p>\n","protected":false},"excerpt":{"rendered":"<p>Dominique Ricci est un artiste peintre plasticien, dont l&#8217;univers est flamboyant et riche en couleurs. D\u00e9couvrez son univers fantastique, inspir\u00e9 de la vie et de la litt\u00e9rature.<\/p>\n","protected":false},"author":1,"featured_media":21,"parent":0,"menu_order":0,"comment_status":"closed","ping_status":"closed","template":"","meta":{"footnotes":""},"class_list":["post-11","page","type-page","status-publish","has-post-thumbnail","hentry"],"_links":{"self":[{"href":"https:\/\/dominiquericci.fr\/index.php\/wp-json\/wp\/v2\/pages\/11","targetHints":{"allow":["GET"]}}],"collection":[{"href":"https:\/\/dominiquericci.fr\/index.php\/wp-json\/wp\/v2\/pages"}],"about":[{"href":"https:\/\/dominiquericci.fr\/index.php\/wp-json\/wp\/v2\/types\/page"}],"author":[{"embeddable":true,"href":"https:\/\/dominiquericci.fr\/index.php\/wp-json\/wp\/v2\/users\/1"}],"replies":[{"embeddable":true,"href":"https:\/\/dominiquericci.fr\/index.php\/wp-json\/wp\/v2\/comments?post=11"}],"version-history":[{"count":3,"href":"https:\/\/dominiquericci.fr\/index.php\/wp-json\/wp\/v2\/pages\/11\/revisions"}],"predecessor-version":[{"id":65,"href":"https:\/\/dominiquericci.fr\/index.php\/wp-json\/wp\/v2\/pages\/11\/revisions\/65"}],"wp:featuredmedia":[{"embeddable":true,"href":"https:\/\/dominiquericci.fr\/index.php\/wp-json\/wp\/v2\/media\/21"}],"wp:attachment":[{"href":"https:\/\/dominiquericci.fr\/index.php\/wp-json\/wp\/v2\/media?parent=11"}],"curies":[{"name":"wp","href":"https:\/\/api.w.org\/{rel}","templated":true}]}}